{"id":1942,"date":"2019-02-16T10:21:53","date_gmt":"2019-02-16T10:21:53","guid":{"rendered":"https:\/\/supagro.tn\/?page_id=1942"},"modified":"2022-02-19T11:34:18","modified_gmt":"2022-02-19T11:34:18","slug":"agridrone","status":"publish","type":"page","link":"https:\/\/agridrone.tn\/index.php\/agridrone\/","title":{"rendered":"Agridrone"},"content":{"rendered":"[vc_row 0=&#8221;&#8221;][vc_column][vc_column_text 0=&#8221;&#8221;]\n<p>[\/vc_column_text][\/vc_column][\/vc_row][vc_row css=&#8221;.vc_custom_1464852884508{margin-right: -60px !important;margin-bottom: 0px !important;margin-left: -60px !important;}&#8221;][vc_column css=&#8221;.vc_custom_1465465510777{padding-right: 0px !important;padding-left: 0px !important;}&#8221; offset=&#8221;vc_hidden-xs&#8221;][vc_column_text][\/vc_column_text][vc_video link=&#8221;https:\/\/youtube.com\/embed\/D5JRiqEXQNc&#8221;][\/vc_column][\/vc_row][vc_row css=&#8221;.vc_custom_1469446529446{padding-top: 68px !important;padding-bottom: 49px !important;}&#8221;][vc_column][vc_custom_heading text=&#8221;Le drone au service de l&#8217;agriculture<br \/>&#8221; font_container=&#8221;tag:h2|font_size:36px|text_align:center|line_height:38px&#8221; use_theme_fonts=&#8221;yes&#8221; css=&#8221;.vc_custom_1550313185598{margin-bottom: 51px !important;}&#8221; el_class=&#8221;stm_secondary_color&#8221;][vc_row_inner][vc_column_inner width=&#8221;1\/3&#8243;][vc_column_text 0=&#8221;&#8221;]<p><span style=\"font-size: 14pt;\"><strong>Contr\u00f4le et surveillance des cultures<\/strong><\/span><\/p>\n<p><img loading=\"lazy\" decoding=\"async\" class=\"size-medium wp-image-2181 aligncenter\" src=\"https:\/\/agridrone.tn\/wp-content\/uploads\/revslider\/main_slider\/drone3-300x197.jpg\" alt=\"\" width=\"300\" height=\"197\" srcset=\"https:\/\/agridrone.tn\/wp-content\/uploads\/revslider\/main_slider\/drone3-300x197.jpg 300w, https:\/\/agridrone.tn\/wp-content\/uploads\/revslider\/main_slider\/drone3-600x395.jpg 600w, https:\/\/agridrone.tn\/wp-content\/uploads\/revslider\/main_slider\/drone3-768x505.jpg 768w, https:\/\/agridrone.tn\/wp-content\/uploads\/revslider\/main_slider\/drone3-1024x673.jpg 1024w, https:\/\/agridrone.tn\/wp-content\/uploads\/revslider\/main_slider\/drone3.jpg 1200w\" sizes=\"auto, (max-width: 300px) 100vw, 300px\" \/><\/p>\n<p>L\u2019agriculture utilise de plus en plus le drone pour diff\u00e9rentes missions d&#8217;analyses, de contr\u00f4les, de surveillances ou de traitements, pour cela il peut \u00eatre \u00e9quip\u00e9 de diff\u00e9rent mat\u00e9riel, cam\u00e9ras, pulv\u00e9risateur ou autre capteurs coupl\u00e9s au GPS pour r\u00e9aliser des cartes d\u00e9taill\u00e9es des champs.<\/p>\n<p>La mission la plus simple de contr\u00f4le et de surveillance des cultures et d\u2019avoir une vue globale plus ou moins d\u00e9taill\u00e9e des diff\u00e9rentes parcelles, de visualiser facilement leurs niveaux d\u2019\u00e9volutions et de croissance par manque ou non de fertilisant, de d\u00e9tecter des d\u00e9gradations faites par des animaux sauvages, maladies ou autres, afin de pouvoir y rem\u00e9dier au plus vite.<\/p>\n<p>De r\u00e9centes innovations coupl\u00e9 au drone permettent d\u2019aller bien plus loin et d\u2019apporter des informations plus pr\u00e9cises \u00e0 l\u2019agriculteur en \u00e9tablissant <a title=\"Cartographie agricole\" href=\"http:\/\/www.drone-malin.com\/pages\/en-savoir-plus\/les-services\/la-cartographie\/la-cartographie-dans-l-agriculture.html\">des cartes<\/a> lui signalent les zones plus ou moins fertiles pour l\u2019aider \u00e0 prendre les bonnes d\u00e9cisions et augmenter ou diminuer l\u2019irrigation ou les traitements adapt\u00e9s, ce qui permet de r\u00e9aliser des \u00e9conomies aussi bien d\u2019eau que de traitements au b\u00e9n\u00e9fice de notre plan\u00e8te et de l\u2019agriculteur.<\/p>\n<p>&nbsp;<\/p>[\/vc_column_text][\/vc_column_inner][vc_column_inner width=&#8221;1\/3&#8243;][vc_column_text 0=&#8221;&#8221;]<p><span style=\"font-size: 14pt;\"><strong>Le drone pour traiter les cultures<\/strong><\/span><\/p>\n<p><img loading=\"lazy\" decoding=\"async\" class=\"alignnone size-medium wp-image-1951\" src=\"https:\/\/agridrone.tn\/wp-content\/uploads\/2019\/02\/Drone-sprayer-300x98.png\" alt=\"\" width=\"300\" height=\"98\" srcset=\"https:\/\/agridrone.tn\/wp-content\/uploads\/2019\/02\/Drone-sprayer-300x98.png 300w, https:\/\/agridrone.tn\/wp-content\/uploads\/2019\/02\/Drone-sprayer.png 393w\" sizes=\"auto, (max-width: 300px) 100vw, 300px\" \/>Le drone peut \u00eatre aussi \u00e9quip\u00e9 de pulv\u00e9risateurs, pouvant intervenir sur de plus ou moins grandes surfaces d\u2019une fa\u00e7on optimale \u00e0 une hauteur souhait\u00e9e ce qui \u00e9vite l\u2019\u00e9crasement des cultures par roulage ou pi\u00e9tinement, mais surtout permet une grande pr\u00e9cision et un ciblage parfait des zones \u00e0 traiter.<\/p>\n<p>Que ce soit dans le secteur agricole ou viticole, le drone permet de pulv\u00e9riser diff\u00e9rent types de produits sur des petites ou grandes surfaces, de fa\u00e7on tr\u00e8s pr\u00e9cise et plus rapidement que manuellement sans pi\u00e9tinement des cultures.<\/p>\n<p>Le drone permet\u00a0 de r\u00e9aliser diff\u00e9rent \u00e9pandages de pesticides, d\u2019engrais ou d\u2019herbicides avec une grande pr\u00e9cision pour une meilleure gestion des produits et ainsi participer \u00e0 la protection de notre plan\u00e8te.<\/p>\n<p>Le principe est simple, \u00e9quip\u00e9 un multirotor puissant d\u2019un r\u00e9servoir et de buses de pulv\u00e9risation r\u00e9glable selon les produits utilis\u00e9s. G\u00e9n\u00e9ralement dot\u00e9 d\u2019un GPS pour programmer son parcours ou en vol manuel guid\u00e9 par un t\u00e9l\u00e9-pilote au sol, il survol les plantations \u00e0 une hauteur voulue, de plus, la pulv\u00e9risation est am\u00e9lior\u00e9e par le souffle des h\u00e9lices.<\/p>\n<p>L\u2019avantage du vol programm\u00e9 est que le drone enregistre son parcours est peut revenir au point ou il s\u2019est arr\u00eat\u00e9 pour remplir les r\u00e9servoirs ou changer de batteries.<\/p>\n<p>&nbsp;<\/p>[\/vc_column_text][\/vc_column_inner][vc_column_inner width=&#8221;1\/3&#8243;][vc_column_text 0=&#8221;&#8221;]<p>&nbsp;<\/p>\n<p><span style=\"font-size: 14pt;\"><strong>Cartographie agronomique par drone<\/strong><\/span><\/p>\n<p style=\"text-align: left;\"><img loading=\"lazy\" decoding=\"async\" class=\"size-medium wp-image-1949 aligncenter\" src=\"https:\/\/agridrone.tn\/wp-content\/uploads\/2019\/02\/cartographie-223x300.png\" alt=\"\" width=\"223\" height=\"300\" srcset=\"https:\/\/agridrone.tn\/wp-content\/uploads\/2019\/02\/cartographie-223x300.png 223w, https:\/\/agridrone.tn\/wp-content\/uploads\/2019\/02\/cartographie.png 571w\" sizes=\"auto, (max-width: 223px) 100vw, 223px\" \/><\/p>\n<p style=\"text-align: left;\">Cette technique permet de cartographier tous types de parcelles agricoles ou viticole de quelques m\u00e8tres carr\u00e9s \u00e0 plusieurs hectares dans le but d\u2019assister l\u2019agriculteur ou le viticulteur pour analyser, diagnostiquer ou conna\u00eetre les surfaces exactes des parcelles.<\/p>\n<p>Pour r\u00e9aliser une cartographie agronomique le capteur multispectral par sa petite taille et son faible poids peut \u00eatre install\u00e9 sur de nombreux multi-rotors ou ailes volantes et permet d\u2019obtenir des mesures plus pr\u00e9cises que par satellite et peut s\u2019adapter \u00e0 tous types d\u2019exploitations agricoles ou viticoles petites ou grandes par ses faibles co\u00fbts d\u2019exploitation, les \u00e9conomies r\u00e9alis\u00e9es sur engrais et l\u2019augmentation de productivit\u00e9 des parcelles par une meilleur gestion.<\/p>\n<p>Le capteur multispectral install\u00e9 sous le drone , est constitu\u00e9 de 4 bandes spectrales , \u00a0le vert, le rouge, le red-edge et proche infrarouge qui permet d\u2019analyser l\u2019\u00e9tat de sant\u00e9 et de stress des plantes en analysant \u00a0la quantit\u00e9 de lumi\u00e8re qu&#8217;elles absorbent et r\u00e9fl\u00e9chissent, les donn\u00e9es ainsi collect\u00e9es sont trait\u00e9es par un logiciel sp\u00e9cifique aux donn\u00e9es multispectrales pour donner des cartes de couleurs permettant d\u2019avoir des informations agronomiques adapt\u00e9es \u00e0 chaques cultures.<\/p>\n<p>&nbsp;<\/p>[\/vc_column_text][\/vc_column_inner][\/vc_row_inner][vc_video link=&#8221;https:\/\/www.youtube.com\/watch?v=P2YPG8PO9JU&#8221;][vc_row_inner][vc_column_inner width=&#8221;1\/3&#8243;][vc_column_text 0=&#8221;&#8221;]<p>\u00c9CHANTILLONNAGE HAUT D\u00c9BIT<\/p>\n<h4 style=\"margin-top: 0cm; line-height: 18.0pt; vertical-align: baseline;\"><span style=\"font-size: 17.5pt; font-family: 'Helvetica','sans-serif'; color: windowtext; font-weight: normal;\">Le drone fait la m\u00eame chose que vous, mais il le fait partout<\/span><\/h4>\n<p style=\"text-align: justify; line-height: 18.0pt; background: white; vertical-align: baseline; box-sizing: border-box; font-style: inherit; font-variant: inherit; font-weight: inherit; font-stretch: inherit; margin: 10.2pt 0cm 10.2pt 0cm;\"><span style=\"font-size: 12pt; font-family: 'futura-pt','serif'; color: black;\">La t\u00e9l\u00e9d\u00e9tection permet d\u2019observer des indicateurs agronomiques pour chaque m\u00e8tre carr\u00e9 de la parcelle sans avoir \u00e0 faire de pr\u00e9l\u00e8vements destructifs. Le drone apporte une nouvelle fa\u00e7on de faire des pr\u00e9l\u00e8vements ou des observations terrain objectives.<\/span><\/p>\n<ul>\n<li>RAPIDIT\u00c9 DU PR\u00c9L\u00c8VEMENT<\/li>\n<li><span aria-hidden=\"true\" data-av_icon=\"\ue86a\" data-av_iconfont=\"entypo-fontello\">PR\u00c9CISION JUSQU\u2019\u00c0 5 CM\/PIXEL<\/span><\/li>\n<\/ul>\n<p><img loading=\"lazy\" decoding=\"async\" class=\"alignnone size-medium wp-image-2014 aligncenter\" src=\"https:\/\/agridrone.tn\/wp-content\/uploads\/2019\/02\/echantillonage-300x163.png\" alt=\"\" width=\"300\" height=\"163\" srcset=\"https:\/\/agridrone.tn\/wp-content\/uploads\/2019\/02\/echantillonage-300x163.png 300w, https:\/\/agridrone.tn\/wp-content\/uploads\/2019\/02\/echantillonage-600x326.png 600w, https:\/\/agridrone.tn\/wp-content\/uploads\/2019\/02\/echantillonage-768x418.png 768w, https:\/\/agridrone.tn\/wp-content\/uploads\/2019\/02\/echantillonage-1024x557.png 1024w, https:\/\/agridrone.tn\/wp-content\/uploads\/2019\/02\/echantillonage.png 1892w\" sizes=\"auto, (max-width: 300px) 100vw, 300px\" \/><\/p>[\/vc_column_text][\/vc_column_inner][vc_column_inner width=&#8221;1\/3&#8243;][vc_column_text 0=&#8221;&#8221;]<p>\u00a0M\u00e9thode par \u00c9chantillon<br \/>4 BANDES S\u00c9LECTIONN\u00c9ES POUR LA V\u00c9G\u00c9TATION&#8221;]<\/p>\n<p>Le capteur enregistre la lumi\u00e8re r\u00e9fl\u00e9chie par le couvert v\u00e9g\u00e9tal dans 4 bandes distinctes :\u00a0\u00a0le vert, le rouge, la gamme spectrale du red edge et dans le proche infrarouge. Ces bandes ont \u00e9t\u00e9 d\u00e9finies conjointement avec l\u2019UMR EMMAH de l\u2019INRA d\u2019Avignon et permettent d\u2019analyser au mieux l\u2019\u00e9tat de sant\u00e9 des plants. En un survol, le drone emmagazine des donn\u00e9es permettant d\u2019acc\u00e9der \u00e0 des informations agronomiques in\u00e9dites sur bl\u00e9, orge, colza et ma\u00efs :<\/p>\n<ul>\n<li><strong>Biomasse<\/strong><\/li>\n<li><strong>LAI (densit\u00e9 foliaire)<\/strong><\/li>\n<li><strong>Cab (taux de chlorophylle)<\/strong><\/li>\n<\/ul>\n<p><img loading=\"lazy\" decoding=\"async\" class=\"alignnone size-medium wp-image-2015 aligncenter\" src=\"https:\/\/agridrone.tn\/wp-content\/uploads\/2019\/02\/4bandes-300x289.png\" alt=\"\" width=\"300\" height=\"289\" srcset=\"https:\/\/agridrone.tn\/wp-content\/uploads\/2019\/02\/4bandes-300x289.png 300w, https:\/\/agridrone.tn\/wp-content\/uploads\/2019\/02\/4bandes-600x578.png 600w, https:\/\/agridrone.tn\/wp-content\/uploads\/2019\/02\/4bandes-768x740.png 768w, https:\/\/agridrone.tn\/wp-content\/uploads\/2019\/02\/4bandes.png 910w\" sizes=\"auto, (max-width: 300px) 100vw, 300px\" \/><\/p>[\/vc_column_text][\/vc_column_inner][vc_column_inner width=&#8221;1\/3&#8243;][vc_column_text 0=&#8221;&#8221;]<p>Capteur multispectral &#8220;]<\/p>\n<p><img loading=\"lazy\" decoding=\"async\" class=\"size-medium wp-image-2017 aligncenter\" src=\"https:\/\/agridrone.tn\/wp-content\/uploads\/2019\/02\/Capteur_multispectral-300x200.png\" alt=\"\" width=\"300\" height=\"200\" srcset=\"https:\/\/agridrone.tn\/wp-content\/uploads\/2019\/02\/Capteur_multispectral-300x200.png 300w, https:\/\/agridrone.tn\/wp-content\/uploads\/2019\/02\/Capteur_multispectral.png 500w\" sizes=\"auto, (max-width: 300px) 100vw, 300px\" \/><\/p>\n<p>Le capteur multispectral\u00a0 permet une correction du signal en r\u00e9flectance. De ce fait, les donn\u00e9es sont beaucoup plus fiables qu\u2019avec un simple appareil photo.<\/p>\n<ul>\n<li><span aria-hidden=\"true\" data-av_icon=\"\ue867\" data-av_iconfont=\"entypo-fontello\">Intensit\u00e9 Lumineuse<br \/><\/span><\/li>\n<li>Couleur de la lumi\u00e8re<\/li>\n<li><span aria-hidden=\"true\" data-av_icon=\"\ueae0\" data-av_iconfont=\"fontello\">Angle d&#8217;incidence du soleil<\/span><\/li>\n<li>Capture cinq bandes spectrales \u00e9troites<\/li>\n<li>G\u00e9n\u00e8re des indices de sant\u00e9 des plantes et des images RVB (couleur) en un seul vol<\/li>\n<li>Con\u00e7u pour une int\u00e9gration facile et flexible<\/li>\n<li>Calibr\u00e9 pour des mesures pr\u00e9cises et r\u00e9p\u00e9tables<\/li>\n<li>Fonctionne \u00e0 des temp\u00e9ratures allant jusqu&#8217;\u00e0 60 ou 140<\/li>\n<li>\u00a0<\/li>\n<\/ul>\n<p><img loading=\"lazy\" decoding=\"async\" class=\"alignnone size-medium wp-image-2016 aligncenter\" src=\"https:\/\/agridrone.tn\/wp-content\/uploads\/2019\/02\/Correction_signal-212x300.png\" alt=\"\" width=\"212\" height=\"300\" srcset=\"https:\/\/agridrone.tn\/wp-content\/uploads\/2019\/02\/Correction_signal-212x300.png 212w, https:\/\/agridrone.tn\/wp-content\/uploads\/2019\/02\/Correction_signal-600x847.png 600w, https:\/\/agridrone.tn\/wp-content\/uploads\/2019\/02\/Correction_signal-768x1085.png 768w, https:\/\/agridrone.tn\/wp-content\/uploads\/2019\/02\/Correction_signal-725x1024.png 725w, https:\/\/agridrone.tn\/wp-content\/uploads\/2019\/02\/Correction_signal.png 1142w\" sizes=\"auto, (max-width: 212px) 100vw, 212px\" \/><\/p>[\/vc_column_text][\/vc_column_inner][\/vc_row_inner][\/vc_column][\/vc_row][vc_row 0=&#8221;&#8221;][vc_column][vc_column_text 0=&#8221;&#8221;]<\/p>\n[\/vc_column_text][\/vc_column][\/vc_row]","protected":false},"excerpt":{"rendered":"<p>[vc_row 0=&#8221;&#8221;][vc_column][vc_column_text 0=&#8221;&#8221;] [\/vc_column_text][\/vc_column][\/vc_row][vc_row css=&#8221;.vc_custom_1464852884508{margin-right: -60px !important;margin-bottom: 0px !important;margin-left: -60px !important;}&#8221;][vc_column css=&#8221;.vc_custom_1465465510777{padding-right: 0px !important;padding-left: 0px !important;}&#8221; offset=&#8221;vc_hidden-xs&#8221;][vc_column_text][\/vc_column_text][vc_video link=&#8221;https:\/\/youtube.com\/embed\/D5JRiqEXQNc&#8221;][\/vc_column][\/vc_row][vc_row css=&#8221;.vc_custom_1469446529446{padding-top: 68px !important;padding-bottom: 49px !important;}&#8221;][vc_column][vc_custom_heading text=&#8221;Le drone&#8230;<\/p>\n","protected":false},"author":3,"featured_media":0,"parent":0,"menu_order":0,"comment_status":"closed","ping_status":"closed","template":"","meta":{"footnotes":""},"class_list":["post-1942","page","type-page","status-publish","hentry"],"yoast_head":"<!-- This site is optimized with the Yoast SEO plugin v16.9 - https:\/\/yoast.com\/wordpress\/plugins\/seo\/ -->\n<title>Agridrone -<\/title>\n<meta name=\"robots\" content=\"index, follow, max-snippet:-1, max-image-preview:large, max-video-preview:-1\" \/>\n<link rel=\"canonical\" href=\"https:\/\/agridrone.tn\/index.php\/agridrone\/\" \/>\n<meta property=\"og:locale\" content=\"fr_FR\" \/>\n<meta property=\"og:type\" content=\"article\" \/>\n<meta property=\"og:title\" content=\"Agridrone -\" \/>\n<meta property=\"og:description\" content=\"[vc_row 0=&#8221;&#8221;][vc_column][vc_column_text 0=&#8221;&#8221;] [\/vc_column_text][\/vc_column][\/vc_row][vc_row css=&#8221;.vc_custom_1464852884508{margin-right: -60px !important;margin-bottom: 0px !important;margin-left: -60px !important;}&#8221;][vc_column css=&#8221;.vc_custom_1465465510777{padding-right: 0px !important;padding-left: 0px !important;}&#8221; offset=&#8221;vc_hidden-xs&#8221;][vc_column_text][\/vc_column_text][vc_video link=&#8221;https:\/\/youtube.com\/embed\/D5JRiqEXQNc&#8221;][\/vc_column][\/vc_row][vc_row css=&#8221;.vc_custom_1469446529446{padding-top: 68px !important;padding-bottom: 49px !important;}&#8221;][vc_column][vc_custom_heading text=&#8221;Le drone...\" \/>\n<meta property=\"og:url\" content=\"https:\/\/agridrone.tn\/index.php\/agridrone\/\" \/>\n<meta property=\"article:modified_time\" content=\"2022-02-19T11:34:18+00:00\" \/>\n<meta property=\"og:image\" content=\"https:\/\/agridrone.tn\/wp-content\/uploads\/revslider\/main_slider\/drone3-300x197.jpg\" \/>\n<meta name=\"twitter:card\" content=\"summary_large_image\" \/>\n<meta name=\"twitter:label1\" content=\"Dur\u00e9e de lecture est.\" \/>\n\t<meta name=\"twitter:data1\" content=\"6 minutes\" \/>\n<script type=\"application\/ld+json\" class=\"yoast-schema-graph\">{\"@context\":\"https:\/\/schema.org\",\"@graph\":[{\"@type\":\"WebSite\",\"@id\":\"https:\/\/agridrone.tn\/#website\",\"url\":\"https:\/\/agridrone.tn\/\",\"name\":\"\",\"description\":\"la nouvelle technologie des agriculteurs\",\"potentialAction\":[{\"@type\":\"SearchAction\",\"target\":{\"@type\":\"EntryPoint\",\"urlTemplate\":\"https:\/\/agridrone.tn\/?s={search_term_string}\"},\"query-input\":\"required name=search_term_string\"}],\"inLanguage\":\"fr-FR\"},{\"@type\":\"ImageObject\",\"@id\":\"https:\/\/agridrone.tn\/index.php\/agridrone\/#primaryimage\",\"inLanguage\":\"fr-FR\",\"url\":\"https:\/\/agridrone.tn\/wp-content\/uploads\/revslider\/main_slider\/drone3.jpg\",\"contentUrl\":\"https:\/\/agridrone.tn\/wp-content\/uploads\/revslider\/main_slider\/drone3.jpg\",\"width\":1200,\"height\":789},{\"@type\":\"WebPage\",\"@id\":\"https:\/\/agridrone.tn\/index.php\/agridrone\/#webpage\",\"url\":\"https:\/\/agridrone.tn\/index.php\/agridrone\/\",\"name\":\"Agridrone -\",\"isPartOf\":{\"@id\":\"https:\/\/agridrone.tn\/#website\"},\"primaryImageOfPage\":{\"@id\":\"https:\/\/agridrone.tn\/index.php\/agridrone\/#primaryimage\"},\"datePublished\":\"2019-02-16T10:21:53+00:00\",\"dateModified\":\"2022-02-19T11:34:18+00:00\",\"breadcrumb\":{\"@id\":\"https:\/\/agridrone.tn\/index.php\/agridrone\/#breadcrumb\"},\"inLanguage\":\"fr-FR\",\"potentialAction\":[{\"@type\":\"ReadAction\",\"target\":[\"https:\/\/agridrone.tn\/index.php\/agridrone\/\"]}]},{\"@type\":\"BreadcrumbList\",\"@id\":\"https:\/\/agridrone.tn\/index.php\/agridrone\/#breadcrumb\",\"itemListElement\":[{\"@type\":\"ListItem\",\"position\":1,\"name\":\"Home\",\"item\":\"https:\/\/agridrone.tn\/\"},{\"@type\":\"ListItem\",\"position\":2,\"name\":\"Agridrone\"}]}]}<\/script>\n<!-- \/ Yoast SEO plugin. -->","yoast_head_json":{"title":"Agridrone -","robots":{"index":"index","follow":"follow","max-snippet":"max-snippet:-1","max-image-preview":"max-image-preview:large","max-video-preview":"max-video-preview:-1"},"canonical":"https:\/\/agridrone.tn\/index.php\/agridrone\/","og_locale":"fr_FR","og_type":"article","og_title":"Agridrone -","og_description":"[vc_row 0=&#8221;&#8221;][vc_column][vc_column_text 0=&#8221;&#8221;] [\/vc_column_text][\/vc_column][\/vc_row][vc_row css=&#8221;.vc_custom_1464852884508{margin-right: -60px !important;margin-bottom: 0px !important;margin-left: -60px !important;}&#8221;][vc_column css=&#8221;.vc_custom_1465465510777{padding-right: 0px !important;padding-left: 0px !important;}&#8221; offset=&#8221;vc_hidden-xs&#8221;][vc_column_text][\/vc_column_text][vc_video link=&#8221;https:\/\/youtube.com\/embed\/D5JRiqEXQNc&#8221;][\/vc_column][\/vc_row][vc_row css=&#8221;.vc_custom_1469446529446{padding-top: 68px !important;padding-bottom: 49px !important;}&#8221;][vc_column][vc_custom_heading text=&#8221;Le drone...","og_url":"https:\/\/agridrone.tn\/index.php\/agridrone\/","article_modified_time":"2022-02-19T11:34:18+00:00","og_image":[{"url":"https:\/\/agridrone.tn\/wp-content\/uploads\/revslider\/main_slider\/drone3-300x197.jpg"}],"twitter_card":"summary_large_image","twitter_misc":{"Dur\u00e9e de lecture est.":"6 minutes"},"schema":{"@context":"https:\/\/schema.org","@graph":[{"@type":"WebSite","@id":"https:\/\/agridrone.tn\/#website","url":"https:\/\/agridrone.tn\/","name":"","description":"la nouvelle technologie des agriculteurs","potentialAction":[{"@type":"SearchAction","target":{"@type":"EntryPoint","urlTemplate":"https:\/\/agridrone.tn\/?s={search_term_string}"},"query-input":"required name=search_term_string"}],"inLanguage":"fr-FR"},{"@type":"ImageObject","@id":"https:\/\/agridrone.tn\/index.php\/agridrone\/#primaryimage","inLanguage":"fr-FR","url":"https:\/\/agridrone.tn\/wp-content\/uploads\/revslider\/main_slider\/drone3.jpg","contentUrl":"https:\/\/agridrone.tn\/wp-content\/uploads\/revslider\/main_slider\/drone3.jpg","width":1200,"height":789},{"@type":"WebPage","@id":"https:\/\/agridrone.tn\/index.php\/agridrone\/#webpage","url":"https:\/\/agridrone.tn\/index.php\/agridrone\/","name":"Agridrone -","isPartOf":{"@id":"https:\/\/agridrone.tn\/#website"},"primaryImageOfPage":{"@id":"https:\/\/agridrone.tn\/index.php\/agridrone\/#primaryimage"},"datePublished":"2019-02-16T10:21:53+00:00","dateModified":"2022-02-19T11:34:18+00:00","breadcrumb":{"@id":"https:\/\/agridrone.tn\/index.php\/agridrone\/#breadcrumb"},"inLanguage":"fr-FR","potentialAction":[{"@type":"ReadAction","target":["https:\/\/agridrone.tn\/index.php\/agridrone\/"]}]},{"@type":"BreadcrumbList","@id":"https:\/\/agridrone.tn\/index.php\/agridrone\/#breadcrumb","itemListElement":[{"@type":"ListItem","position":1,"name":"Home","item":"https:\/\/agridrone.tn\/"},{"@type":"ListItem","position":2,"name":"Agridrone"}]}]}},"_links":{"self":[{"href":"https:\/\/agridrone.tn\/index.php\/wp-json\/wp\/v2\/pages\/1942","targetHints":{"allow":["GET"]}}],"collection":[{"href":"https:\/\/agridrone.tn\/index.php\/wp-json\/wp\/v2\/pages"}],"about":[{"href":"https:\/\/agridrone.tn\/index.php\/wp-json\/wp\/v2\/types\/page"}],"author":[{"embeddable":true,"href":"https:\/\/agridrone.tn\/index.php\/wp-json\/wp\/v2\/users\/3"}],"replies":[{"embeddable":true,"href":"https:\/\/agridrone.tn\/index.php\/wp-json\/wp\/v2\/comments?post=1942"}],"version-history":[{"count":3,"href":"https:\/\/agridrone.tn\/index.php\/wp-json\/wp\/v2\/pages\/1942\/revisions"}],"predecessor-version":[{"id":2556,"href":"https:\/\/agridrone.tn\/index.php\/wp-json\/wp\/v2\/pages\/1942\/revisions\/2556"}],"wp:attachment":[{"href":"https:\/\/agridrone.tn\/index.php\/wp-json\/wp\/v2\/media?parent=1942"}],"curies":[{"name":"wp","href":"https:\/\/api.w.org\/{rel}","templated":true}]}}