{"id":1965,"date":"2019-02-17T09:14:57","date_gmt":"2019-02-17T09:14:57","guid":{"rendered":"https:\/\/supagro.tn\/?page_id=1965"},"modified":"2022-02-19T11:42:05","modified_gmt":"2022-02-19T11:42:05","slug":"la-robotique-agricole","status":"publish","type":"page","link":"https:\/\/agridrone.tn\/index.php\/la-robotique-agricole\/","title":{"rendered":"La robotique Agricole"},"content":{"rendered":"[vc_row][vc_column 0=&#8221;&#8221;][vc_column_text]\n<p>[\/vc_column_text][\/vc_column][\/vc_row][vc_row css=&#8221;.vc_custom_1464852884508{margin-right: -60px !important;margin-bottom: 0px !important;margin-left: -60px !important;}&#8221;][vc_column css=&#8221;.vc_custom_1465465510777{padding-right: 0px !important;padding-left: 0px !important;}&#8221; offset=&#8221;vc_hidden-xs&#8221;][vc_column_text 0=&#8221;&#8221;][\/vc_column_text][vc_video link=&#8221;https:\/\/youtube.com\/embed\/iXZjFky1vvo&#8221;][\/vc_column][\/vc_row][vc_row css=&#8221;.vc_custom_1469446529446{padding-top: 68px !important;padding-bottom: 49px !important;}&#8221;][vc_column 0=&#8221;&#8221;][vc_custom_heading text=&#8221;La robotique dans les champs&#8221; font_container=&#8221;tag:h2|font_size:36px|text_align:center|line_height:38px&#8221; use_theme_fonts=&#8221;yes&#8221; css=&#8221;.vc_custom_1550395499870{margin-bottom: 51px !important;}&#8221; el_class=&#8221;stm_secondary_color&#8221;][vc_row_inner 0=&#8221;&#8221;][vc_column_inner width=&#8221;1\/3&#8243;][vc_column_text 0=&#8221;&#8221;]<p><strong>La robotique dans les champs<\/strong><\/p>\n<p>Aujourd\u2019hui, les agriculteurs ont de nouveaux d\u00e9fis \u00e0 relever : \u00eatre comp\u00e9titif tout en respectant l\u2019environnement et l\u2019Homme ; la Recherche, quant \u00e0 elle, dispose de nouvelles opportunit\u00e9s technologiques (capteurs, robotique, data, etc.) pour y r\u00e9pondre. Les scientifiques sont donc en mesure d\u2019accompagner les agriculteurs face \u00e0 la n\u00e9cessit\u00e9 de produire plus et mieux. La robotique est une r\u00e9ponse : des robots plus petits et l\u00e9gers agissant \u00e0 l\u2019ext\u00e9rieur (hors milieux confin\u00e9s : serres ou autres) &#8211; donc moins impactant pour l\u2019environnement, plus pr\u00e9cis et plus efficaces pour soulager l\u2019agriculteur.<\/p>\n<p>&nbsp;<\/p>[\/vc_column_text][\/vc_column_inner][vc_column_inner width=&#8221;1\/3&#8243;][vc_video link=&#8221;https:\/\/youtube.com\/embed\/dmWz6mvF6Ck&#8221;][\/vc_column_inner][vc_column_inner width=&#8221;1\/3&#8243;][vc_video link=&#8221;https:\/\/youtube.com\/embed\/4oTYMEtd_E4&#8243;][\/vc_column_inner][\/vc_row_inner][\/vc_column][\/vc_row][vc_row][vc_column 0=&#8221;&#8221;][vc_column_text][\/vc_column_text][\/vc_column][\/vc_row][vc_row][vc_column 0=&#8221;&#8221;][vc_column_text]<\/p>\n[\/vc_column_text][\/vc_column][\/vc_row]","protected":false},"excerpt":{"rendered":"<p>[vc_row][vc_column 0=&#8221;&#8221;][vc_column_text] [\/vc_column_text][\/vc_column][\/vc_row][vc_row css=&#8221;.vc_custom_1464852884508{margin-right: -60px !important;margin-bottom: 0px !important;margin-left: -60px !important;}&#8221;][vc_column css=&#8221;.vc_custom_1465465510777{padding-right: 0px !important;padding-left: 0px !important;}&#8221; offset=&#8221;vc_hidden-xs&#8221;][vc_column_text 0=&#8221;&#8221;][\/vc_column_text][vc_video link=&#8221;https:\/\/youtube.com\/embed\/iXZjFky1vvo&#8221;][\/vc_column][\/vc_row][vc_row css=&#8221;.vc_custom_1469446529446{padding-top: 68px !important;padding-bottom: 49px !important;}&#8221;][vc_column 0=&#8221;&#8221;][vc_custom_heading text=&#8221;La&#8230;<\/p>\n","protected":false},"author":3,"featured_media":0,"parent":0,"menu_order":0,"comment_status":"closed","ping_status":"closed","template":"","meta":{"footnotes":""},"class_list":["post-1965","page","type-page","status-publish","hentry"],"yoast_head":"<!-- This site is optimized with the Yoast SEO plugin v16.9 - https:\/\/yoast.com\/wordpress\/plugins\/seo\/ -->\n<title>La robotique Agricole -<\/title>\n<meta name=\"robots\" content=\"index, follow, max-snippet:-1, max-image-preview:large, max-video-preview:-1\" \/>\n<link rel=\"canonical\" href=\"https:\/\/agridrone.tn\/index.php\/la-robotique-agricole\/\" \/>\n<meta property=\"og:locale\" content=\"fr_FR\" \/>\n<meta property=\"og:type\" content=\"article\" \/>\n<meta property=\"og:title\" content=\"La robotique Agricole -\" \/>\n<meta property=\"og:description\" content=\"[vc_row][vc_column 0=&#8221;&#8221;][vc_column_text] [\/vc_column_text][\/vc_column][\/vc_row][vc_row css=&#8221;.vc_custom_1464852884508{margin-right: -60px !important;margin-bottom: 0px !important;margin-left: -60px !important;}&#8221;][vc_column css=&#8221;.vc_custom_1465465510777{padding-right: 0px !important;padding-left: 0px !important;}&#8221; offset=&#8221;vc_hidden-xs&#8221;][vc_column_text 0=&#8221;&#8221;][\/vc_column_text][vc_video link=&#8221;https:\/\/youtube.com\/embed\/iXZjFky1vvo&#8221;][\/vc_column][\/vc_row][vc_row css=&#8221;.vc_custom_1469446529446{padding-top: 68px !important;padding-bottom: 49px !important;}&#8221;][vc_column 0=&#8221;&#8221;][vc_custom_heading text=&#8221;La...\" \/>\n<meta property=\"og:url\" content=\"https:\/\/agridrone.tn\/index.php\/la-robotique-agricole\/\" \/>\n<meta property=\"article:modified_time\" content=\"2022-02-19T11:42:05+00:00\" \/>\n<meta name=\"twitter:card\" content=\"summary_large_image\" \/>\n<meta name=\"twitter:label1\" content=\"Dur\u00e9e de lecture est.\" \/>\n\t<meta name=\"twitter:data1\" content=\"2 minutes\" \/>\n<script type=\"application\/ld+json\" class=\"yoast-schema-graph\">{\"@context\":\"https:\/\/schema.org\",\"@graph\":[{\"@type\":\"WebSite\",\"@id\":\"https:\/\/agridrone.tn\/#website\",\"url\":\"https:\/\/agridrone.tn\/\",\"name\":\"\",\"description\":\"la nouvelle technologie des agriculteurs\",\"potentialAction\":[{\"@type\":\"SearchAction\",\"target\":{\"@type\":\"EntryPoint\",\"urlTemplate\":\"https:\/\/agridrone.tn\/?s={search_term_string}\"},\"query-input\":\"required name=search_term_string\"}],\"inLanguage\":\"fr-FR\"},{\"@type\":\"WebPage\",\"@id\":\"https:\/\/agridrone.tn\/index.php\/la-robotique-agricole\/#webpage\",\"url\":\"https:\/\/agridrone.tn\/index.php\/la-robotique-agricole\/\",\"name\":\"La robotique Agricole -\",\"isPartOf\":{\"@id\":\"https:\/\/agridrone.tn\/#website\"},\"datePublished\":\"2019-02-17T09:14:57+00:00\",\"dateModified\":\"2022-02-19T11:42:05+00:00\",\"breadcrumb\":{\"@id\":\"https:\/\/agridrone.tn\/index.php\/la-robotique-agricole\/#breadcrumb\"},\"inLanguage\":\"fr-FR\",\"potentialAction\":[{\"@type\":\"ReadAction\",\"target\":[\"https:\/\/agridrone.tn\/index.php\/la-robotique-agricole\/\"]}]},{\"@type\":\"BreadcrumbList\",\"@id\":\"https:\/\/agridrone.tn\/index.php\/la-robotique-agricole\/#breadcrumb\",\"itemListElement\":[{\"@type\":\"ListItem\",\"position\":1,\"name\":\"Home\",\"item\":\"https:\/\/agridrone.tn\/\"},{\"@type\":\"ListItem\",\"position\":2,\"name\":\"La robotique Agricole\"}]}]}<\/script>\n<!-- \/ Yoast SEO plugin. -->","yoast_head_json":{"title":"La robotique Agricole -","robots":{"index":"index","follow":"follow","max-snippet":"max-snippet:-1","max-image-preview":"max-image-preview:large","max-video-preview":"max-video-preview:-1"},"canonical":"https:\/\/agridrone.tn\/index.php\/la-robotique-agricole\/","og_locale":"fr_FR","og_type":"article","og_title":"La robotique Agricole -","og_description":"[vc_row][vc_column 0=&#8221;&#8221;][vc_column_text] [\/vc_column_text][\/vc_column][\/vc_row][vc_row css=&#8221;.vc_custom_1464852884508{margin-right: -60px !important;margin-bottom: 0px !important;margin-left: -60px !important;}&#8221;][vc_column css=&#8221;.vc_custom_1465465510777{padding-right: 0px !important;padding-left: 0px !important;}&#8221; offset=&#8221;vc_hidden-xs&#8221;][vc_column_text 0=&#8221;&#8221;][\/vc_column_text][vc_video link=&#8221;https:\/\/youtube.com\/embed\/iXZjFky1vvo&#8221;][\/vc_column][\/vc_row][vc_row css=&#8221;.vc_custom_1469446529446{padding-top: 68px !important;padding-bottom: 49px !important;}&#8221;][vc_column 0=&#8221;&#8221;][vc_custom_heading text=&#8221;La...","og_url":"https:\/\/agridrone.tn\/index.php\/la-robotique-agricole\/","article_modified_time":"2022-02-19T11:42:05+00:00","twitter_card":"summary_large_image","twitter_misc":{"Dur\u00e9e de lecture est.":"2 minutes"},"schema":{"@context":"https:\/\/schema.org","@graph":[{"@type":"WebSite","@id":"https:\/\/agridrone.tn\/#website","url":"https:\/\/agridrone.tn\/","name":"","description":"la nouvelle technologie des agriculteurs","potentialAction":[{"@type":"SearchAction","target":{"@type":"EntryPoint","urlTemplate":"https:\/\/agridrone.tn\/?s={search_term_string}"},"query-input":"required name=search_term_string"}],"inLanguage":"fr-FR"},{"@type":"WebPage","@id":"https:\/\/agridrone.tn\/index.php\/la-robotique-agricole\/#webpage","url":"https:\/\/agridrone.tn\/index.php\/la-robotique-agricole\/","name":"La robotique Agricole -","isPartOf":{"@id":"https:\/\/agridrone.tn\/#website"},"datePublished":"2019-02-17T09:14:57+00:00","dateModified":"2022-02-19T11:42:05+00:00","breadcrumb":{"@id":"https:\/\/agridrone.tn\/index.php\/la-robotique-agricole\/#breadcrumb"},"inLanguage":"fr-FR","potentialAction":[{"@type":"ReadAction","target":["https:\/\/agridrone.tn\/index.php\/la-robotique-agricole\/"]}]},{"@type":"BreadcrumbList","@id":"https:\/\/agridrone.tn\/index.php\/la-robotique-agricole\/#breadcrumb","itemListElement":[{"@type":"ListItem","position":1,"name":"Home","item":"https:\/\/agridrone.tn\/"},{"@type":"ListItem","position":2,"name":"La robotique Agricole"}]}]}},"_links":{"self":[{"href":"https:\/\/agridrone.tn\/index.php\/wp-json\/wp\/v2\/pages\/1965","targetHints":{"allow":["GET"]}}],"collection":[{"href":"https:\/\/agridrone.tn\/index.php\/wp-json\/wp\/v2\/pages"}],"about":[{"href":"https:\/\/agridrone.tn\/index.php\/wp-json\/wp\/v2\/types\/page"}],"author":[{"embeddable":true,"href":"https:\/\/agridrone.tn\/index.php\/wp-json\/wp\/v2\/users\/3"}],"replies":[{"embeddable":true,"href":"https:\/\/agridrone.tn\/index.php\/wp-json\/wp\/v2\/comments?post=1965"}],"version-history":[{"count":2,"href":"https:\/\/agridrone.tn\/index.php\/wp-json\/wp\/v2\/pages\/1965\/revisions"}],"predecessor-version":[{"id":2558,"href":"https:\/\/agridrone.tn\/index.php\/wp-json\/wp\/v2\/pages\/1965\/revisions\/2558"}],"wp:attachment":[{"href":"https:\/\/agridrone.tn\/index.php\/wp-json\/wp\/v2\/media?parent=1965"}],"curies":[{"name":"wp","href":"https:\/\/api.w.org\/{rel}","templated":true}]}}