{"id":2436,"date":"2020-03-17T08:46:00","date_gmt":"2020-03-17T08:46:00","guid":{"rendered":"https:\/\/adri-tunisie.org\/?page_id=2436"},"modified":"2024-12-01T10:20:10","modified_gmt":"2024-12-01T10:20:10","slug":"home-2-3","status":"publish","type":"page","link":"https:\/\/agridrone.tn\/","title":{"rendered":"Agridrone"},"content":{"rendered":"<p>[vc_row css=&#8221;.vc_custom_1464852884508{margin-right: -60px !important;margin-bottom: 0px !important;margin-left: -60px !important;}&#8221;][vc_column css=&#8221;.vc_custom_1465465510777{padding-right: 0px !important;padding-left: 0px !important;}&#8221; offset=&#8221;vc_hidden-xs&#8221;][rev_slider_vc alias=&#8221;main_slider&#8221;][vc_column_text][\/vc_column_text][\/vc_column][\/vc_row][vc_row full_width=&#8221;stretch_row&#8221; css=&#8221;.vc_custom_1469446837075{padding-top: 64px !important;padding-bottom: 50px !important;background-color: #f2f2f2 !important;}&#8221;][vc_column][vc_custom_heading text=&#8221;Pr\u00e9sentation&#8221; font_container=&#8221;tag:h2|font_size:36px|text_align:center|line_height:38px&#8221; use_theme_fonts=&#8221;yes&#8221; css=&#8221;.vc_custom_1733047939331{margin-bottom: 40px !important;}&#8221; el_class=&#8221;stm_secondary_color&#8221;][\/vc_column][\/vc_row][vc_row full_width=&#8221;stretch_row&#8221; css=&#8221;.vc_custom_1469512317371{margin-bottom: 0px !important;padding-top: 46px !important;padding-bottom: 65px !important;background-image: url(https:\/\/supagro.tn\/wp-content\/uploads\/2016\/05\/placeholder.gif?id=1270) !important;}&#8221; el_class=&#8221;fixed_bg&#8221;][vc_column width=&#8221;3\/4&#8243;][vc_column_text]<strong>Une technologie tr\u00e8s pr\u00e9cise<\/strong><br \/>\nL\u2019agridone a \u00e9t\u00e9 con\u00e7u \u00ab\u00a0 pour avoir les caract\u00e9ristiques du drone id\u00e9al et pour l\u2019optimisation g\u00e9om\u00e9trique id\u00e9ale des parcelles \u00bb. Concr\u00e8tement, les capteurs observent l\u2019intensit\u00e9 de la plante \u00e0 l\u2019aide de deux couleurs, le vert et le rouge, et observe deux donn\u00e9es visibles et deux donnes invisibles. \u00ab\u00a0 L\u2019infrarouge permet d\u2019observer des nuances plus subtiles et ce qui est invisibles \u00e0 l\u2019\u0153il nu. C\u2019est d\u00e9j\u00e0 en soi une r\u00e9volution\u00a0 \u00bb. Ces couleurs transmettent un taux de chlorophylle, qui, une fois soumis \u00e0 une expertise et des algorithmes, d\u00e9termine un certain besoin en azote.[\/vc_column_text][vc_images_carousel images=&#8221;2501,2016,2015,2014,1987,1985,1979,1978,1970,1953,1951,1949,1939,1935,1549&#8243; img_size=&#8221;800&#215;800&#8243; autoplay=&#8221;yes&#8221; hide_pagination_control=&#8221;yes&#8221; wrap=&#8221;yes&#8221;][\/vc_column][vc_column width=&#8221;1\/4&#8243;][vc_single_image image=&#8221;2576&#8243;][vc_single_image image=&#8221;2462&#8243; img_size=&#8221;600&#215;300&#8243; alignment=&#8221;center&#8221;][vc_single_image image=&#8221;2463&#8243; img_size=&#8221;700&#215;500&#8243; alignment=&#8221;center&#8221;][\/vc_column][\/vc_row]<\/p>\n","protected":false},"excerpt":{"rendered":"<p>[vc_row css=&#8221;.vc_custom_1464852884508{margin-right: -60px !important;margin-bottom: 0px !important;margin-left: -60px !important;}&#8221;][vc_column css=&#8221;.vc_custom_1465465510777{padding-right: 0px !important;padding-left: 0px !important;}&#8221; offset=&#8221;vc_hidden-xs&#8221;][rev_slider_vc alias=&#8221;main_slider&#8221;][vc_column_text][\/vc_column_text][\/vc_column][\/vc_row][vc_row full_width=&#8221;stretch_row&#8221; css=&#8221;.vc_custom_1469446837075{padding-top: 64px !important;padding-bottom: 50px !important;background-color: #f2f2f2 !important;}&#8221;][vc_column][vc_custom_heading text=&#8221;Pr\u00e9sentation&#8221; font_container=&#8221;tag:h2|font_size:36px|text_align:center|line_height:38px&#8221;&#8230;<\/p>\n","protected":false},"author":3,"featured_media":0,"parent":0,"menu_order":0,"comment_status":"closed","ping_status":"closed","template":"","meta":{"footnotes":""},"class_list":["post-2436","page","type-page","status-publish","hentry"],"yoast_head":"<!-- This site is optimized with the Yoast SEO plugin v16.9 - https:\/\/yoast.com\/wordpress\/plugins\/seo\/ -->\n<title>Agridrone -<\/title>\n<meta name=\"robots\" content=\"index, follow, max-snippet:-1, max-image-preview:large, max-video-preview:-1\" \/>\n<link rel=\"canonical\" href=\"https:\/\/agridrone.tn\/\" \/>\n<meta property=\"og:locale\" content=\"fr_FR\" \/>\n<meta property=\"og:type\" content=\"article\" \/>\n<meta property=\"og:title\" content=\"Agridrone -\" \/>\n<meta property=\"og:description\" content=\"[vc_row css=&#8221;.vc_custom_1464852884508{margin-right: -60px !important;margin-bottom: 0px !important;margin-left: -60px !important;}&#8221;][vc_column css=&#8221;.vc_custom_1465465510777{padding-right: 0px !important;padding-left: 0px !important;}&#8221; offset=&#8221;vc_hidden-xs&#8221;][rev_slider_vc alias=&#8221;main_slider&#8221;][vc_column_text][\/vc_column_text][\/vc_column][\/vc_row][vc_row full_width=&#8221;stretch_row&#8221; css=&#8221;.vc_custom_1469446837075{padding-top: 64px !important;padding-bottom: 50px !important;background-color: #f2f2f2 !important;}&#8221;][vc_column][vc_custom_heading text=&#8221;Pr\u00e9sentation&#8221; font_container=&#8221;tag:h2|font_size:36px|text_align:center|line_height:38px&#8221;...\" \/>\n<meta property=\"og:url\" content=\"https:\/\/agridrone.tn\/\" \/>\n<meta property=\"article:modified_time\" content=\"2024-12-01T10:20:10+00:00\" \/>\n<meta name=\"twitter:card\" content=\"summary_large_image\" \/>\n<meta name=\"twitter:label1\" content=\"Dur\u00e9e de lecture est.\" \/>\n\t<meta name=\"twitter:data1\" content=\"2 minutes\" \/>\n<script type=\"application\/ld+json\" class=\"yoast-schema-graph\">{\"@context\":\"https:\/\/schema.org\",\"@graph\":[{\"@type\":\"WebSite\",\"@id\":\"https:\/\/agridrone.tn\/#website\",\"url\":\"https:\/\/agridrone.tn\/\",\"name\":\"\",\"description\":\"la nouvelle technologie des agriculteurs\",\"potentialAction\":[{\"@type\":\"SearchAction\",\"target\":{\"@type\":\"EntryPoint\",\"urlTemplate\":\"https:\/\/agridrone.tn\/?s={search_term_string}\"},\"query-input\":\"required name=search_term_string\"}],\"inLanguage\":\"fr-FR\"},{\"@type\":\"WebPage\",\"@id\":\"https:\/\/agridrone.tn\/#webpage\",\"url\":\"https:\/\/agridrone.tn\/\",\"name\":\"Agridrone -\",\"isPartOf\":{\"@id\":\"https:\/\/agridrone.tn\/#website\"},\"datePublished\":\"2020-03-17T08:46:00+00:00\",\"dateModified\":\"2024-12-01T10:20:10+00:00\",\"breadcrumb\":{\"@id\":\"https:\/\/agridrone.tn\/#breadcrumb\"},\"inLanguage\":\"fr-FR\",\"potentialAction\":[{\"@type\":\"ReadAction\",\"target\":[\"https:\/\/agridrone.tn\/\"]}]},{\"@type\":\"BreadcrumbList\",\"@id\":\"https:\/\/agridrone.tn\/#breadcrumb\",\"itemListElement\":[{\"@type\":\"ListItem\",\"position\":1,\"name\":\"Home\",\"item\":\"https:\/\/agridrone.tn\/\"},{\"@type\":\"ListItem\",\"position\":2,\"name\":\"Agridrone\"}]}]}<\/script>\n<!-- \/ Yoast SEO plugin. -->","yoast_head_json":{"title":"Agridrone -","robots":{"index":"index","follow":"follow","max-snippet":"max-snippet:-1","max-image-preview":"max-image-preview:large","max-video-preview":"max-video-preview:-1"},"canonical":"https:\/\/agridrone.tn\/","og_locale":"fr_FR","og_type":"article","og_title":"Agridrone -","og_description":"[vc_row css=&#8221;.vc_custom_1464852884508{margin-right: -60px !important;margin-bottom: 0px !important;margin-left: -60px !important;}&#8221;][vc_column css=&#8221;.vc_custom_1465465510777{padding-right: 0px !important;padding-left: 0px !important;}&#8221; offset=&#8221;vc_hidden-xs&#8221;][rev_slider_vc alias=&#8221;main_slider&#8221;][vc_column_text][\/vc_column_text][\/vc_column][\/vc_row][vc_row full_width=&#8221;stretch_row&#8221; css=&#8221;.vc_custom_1469446837075{padding-top: 64px !important;padding-bottom: 50px !important;background-color: #f2f2f2 !important;}&#8221;][vc_column][vc_custom_heading text=&#8221;Pr\u00e9sentation&#8221; font_container=&#8221;tag:h2|font_size:36px|text_align:center|line_height:38px&#8221;...","og_url":"https:\/\/agridrone.tn\/","article_modified_time":"2024-12-01T10:20:10+00:00","twitter_card":"summary_large_image","twitter_misc":{"Dur\u00e9e de lecture est.":"2 minutes"},"schema":{"@context":"https:\/\/schema.org","@graph":[{"@type":"WebSite","@id":"https:\/\/agridrone.tn\/#website","url":"https:\/\/agridrone.tn\/","name":"","description":"la nouvelle technologie des agriculteurs","potentialAction":[{"@type":"SearchAction","target":{"@type":"EntryPoint","urlTemplate":"https:\/\/agridrone.tn\/?s={search_term_string}"},"query-input":"required name=search_term_string"}],"inLanguage":"fr-FR"},{"@type":"WebPage","@id":"https:\/\/agridrone.tn\/#webpage","url":"https:\/\/agridrone.tn\/","name":"Agridrone -","isPartOf":{"@id":"https:\/\/agridrone.tn\/#website"},"datePublished":"2020-03-17T08:46:00+00:00","dateModified":"2024-12-01T10:20:10+00:00","breadcrumb":{"@id":"https:\/\/agridrone.tn\/#breadcrumb"},"inLanguage":"fr-FR","potentialAction":[{"@type":"ReadAction","target":["https:\/\/agridrone.tn\/"]}]},{"@type":"BreadcrumbList","@id":"https:\/\/agridrone.tn\/#breadcrumb","itemListElement":[{"@type":"ListItem","position":1,"name":"Home","item":"https:\/\/agridrone.tn\/"},{"@type":"ListItem","position":2,"name":"Agridrone"}]}]}},"_links":{"self":[{"href":"https:\/\/agridrone.tn\/index.php\/wp-json\/wp\/v2\/pages\/2436","targetHints":{"allow":["GET"]}}],"collection":[{"href":"https:\/\/agridrone.tn\/index.php\/wp-json\/wp\/v2\/pages"}],"about":[{"href":"https:\/\/agridrone.tn\/index.php\/wp-json\/wp\/v2\/types\/page"}],"author":[{"embeddable":true,"href":"https:\/\/agridrone.tn\/index.php\/wp-json\/wp\/v2\/users\/3"}],"replies":[{"embeddable":true,"href":"https:\/\/agridrone.tn\/index.php\/wp-json\/wp\/v2\/comments?post=2436"}],"version-history":[{"count":5,"href":"https:\/\/agridrone.tn\/index.php\/wp-json\/wp\/v2\/pages\/2436\/revisions"}],"predecessor-version":[{"id":2587,"href":"https:\/\/agridrone.tn\/index.php\/wp-json\/wp\/v2\/pages\/2436\/revisions\/2587"}],"wp:attachment":[{"href":"https:\/\/agridrone.tn\/index.php\/wp-json\/wp\/v2\/media?parent=2436"}],"curies":[{"name":"wp","href":"https:\/\/api.w.org\/{rel}","templated":true}]}}