{"id":558,"date":"2016-01-13T17:48:37","date_gmt":"2016-01-13T17:48:37","guid":{"rendered":"http:\/\/consulting.stylemixthemes.com\/demo\/?page_id=558"},"modified":"2020-03-13T12:38:15","modified_gmt":"2020-03-13T12:38:15","slug":"services-grid","status":"publish","type":"page","link":"https:\/\/agridrone.tn\/index.php\/services-grid\/","title":{"rendered":"services"},"content":{"rendered":"<p>[vc_row css=&#8221;.vc_custom_1452687555475{margin-bottom: 100px !important;}&#8221;][vc_column offset=&#8221;vc_col-lg-9 vc_col-md-9&#8243;][vc_column_text 0=&#8221;&#8221;]<\/p>\n<h3 style=\"text-align: center;\"><img loading=\"lazy\" decoding=\"async\" class=\"alignnone size-medium wp-image-2067\" src=\"https:\/\/supagro.tn\/wp-content\/uploads\/2019\/03\/greenland-300x115.png\" alt=\"\" width=\"300\" height=\"115\" srcset=\"https:\/\/agridrone.tn\/wp-content\/uploads\/2019\/03\/greenland-300x115.png 300w, https:\/\/agridrone.tn\/wp-content\/uploads\/2019\/03\/greenland.png 452w\" sizes=\"auto, (max-width: 300px) 100vw, 300px\" \/><\/h3>\n<h3 style=\"text-align: center;\">Comment mieux g\u00e9rer ma ferme, optimiser mes rendements, la qualit\u00e9 de mes cultures ?<\/h3>\n<p style=\"margin: 0cm; margin-bottom: .0001pt; line-height: 15.75pt; background: white;\"><span style=\"font-family: georgia,palatino,serif; color: #333333;\">Aujourd\u2019hui, il y a la Technologie num\u00e9rique qui cartographie les champs avec une pr\u00e9cision in\u00e9dite.<br \/>\nComme une radiographie ou un scanner, elle voit ce que l\u2019\u0153il humain ne peut percevoir.<br \/>\nSimple comme bonjour, elle permet un suivi des plantes \u00e0 des moments-cl\u00e9s de leur d\u00e9veloppement.<br \/>\nPlus encore, elle vous aide \u00e0 augmenter vos marges !<\/span><\/p>\n<p style=\"margin: 0cm; margin-bottom: .0001pt; line-height: 15.75pt; background: white;\"><span style=\"font-family: georgia,palatino,serif;\"><strong><span style=\"font-size: 12pt; color: #333333;\">LA BONNE DOSE, AU BON ENDROIT, AU BON MOMENT<\/span><\/strong><\/span><\/p>\n<p style=\"margin: 0cm; margin-bottom: .0001pt; line-height: 15.75pt; background: white;\"><span style=\"font-size: 12pt; font-family: georgia,palatino,serif; color: #333333;\">L\u2019utilisation de la Technologie permet une optimisation des intrants en apportant au bon moment et au bon endroit la juste dose\u00a0 pour assurer qualit\u00e9 et rendement.<\/span><\/p>\n<p style=\"margin: 0cm; margin-bottom: .0001pt; line-height: 15.75pt; background: white;\"><span style=\"font-family: 'Arial','sans-serif'; color: #333333;\"><span style=\"font-family: georgia,palatino,serif;\">Tel un nutritionniste, SupAgro services pilote la fertilisation selon les diff\u00e9rents potentiels exprim\u00e9s dans les parcelles<\/span>.<\/span><span style=\"font-size: 12pt;\">\u00a0<\/span><\/p>\n<p>[\/vc_column_text][stm_services posts_per_page=&#8221;12&#8243; posts_per_row=&#8221;3&#8243;][\/vc_column][vc_column width=&#8221;1\/4&#8243; offset=&#8221;vc_hidden-sm vc_hidden-xs&#8221;][stm_sidebar sidebar=&#8221;0&#8243;][\/vc_column][\/vc_row][vc_row full_width=&#8221;stretch_row&#8221; el_class=&#8221;third_bg_color&#8221; css=&#8221;.vc_custom_1451889219674{margin-bottom: -60px !important;}&#8221;][vc_column 0=&#8221;&#8221;][vc_cta h2=&#8221;Looking for a First-Class Business Innocation ?&#8221; h2_font_container=&#8221;font_size:20px|color:%23000000|line_height:24px&#8221; h2_use_theme_fonts=&#8221;yes&#8221; shape=&#8221;square&#8221; style=&#8221;flat&#8221; add_button=&#8221;right&#8221; btn_title=&#8221;get a quote&#8221; btn_style=&#8221;flat&#8221; btn_color=&#8221;theme_style_2&#8243; btn_align=&#8221;right&#8221; btn_i_align=&#8221;right&#8221; btn_i_icon_fontawesome=&#8221;fa fa-chevron-right&#8221; use_custom_fonts_h2=&#8221;true&#8221; btn_button_block=&#8221;true&#8221; btn_add_icon=&#8221;true&#8221; el_class=&#8221;third_bg_color&#8221; css=&#8221;.vc_custom_1584103088856{margin-bottom: 0px !important;}&#8221;][\/vc_cta][\/vc_column][\/vc_row]<\/p>\n","protected":false},"excerpt":{"rendered":"<p>[vc_row css=&#8221;.vc_custom_1452687555475{margin-bottom: 100px !important;}&#8221;][vc_column offset=&#8221;vc_col-lg-9 vc_col-md-9&#8243;][vc_column_text 0=&#8221;&#8221;] Comment mieux g\u00e9rer ma ferme, optimiser mes rendements, la qualit\u00e9 de mes cultures ? Aujourd\u2019hui, il y a&#8230;<\/p>\n","protected":false},"author":3,"featured_media":0,"parent":0,"menu_order":0,"comment_status":"closed","ping_status":"closed","template":"","meta":{"footnotes":""},"class_list":["post-558","page","type-page","status-publish","hentry"],"yoast_head":"<!-- This site is optimized with the Yoast SEO plugin v16.9 - https:\/\/yoast.com\/wordpress\/plugins\/seo\/ -->\n<title>services -<\/title>\n<meta name=\"robots\" content=\"index, follow, max-snippet:-1, max-image-preview:large, max-video-preview:-1\" \/>\n<link rel=\"canonical\" href=\"https:\/\/agridrone.tn\/index.php\/services-grid\/\" \/>\n<meta property=\"og:locale\" content=\"fr_FR\" \/>\n<meta property=\"og:type\" content=\"article\" \/>\n<meta property=\"og:title\" content=\"services -\" \/>\n<meta property=\"og:description\" content=\"[vc_row css=&#8221;.vc_custom_1452687555475{margin-bottom: 100px !important;}&#8221;][vc_column offset=&#8221;vc_col-lg-9 vc_col-md-9&#8243;][vc_column_text 0=&#8221;&#8221;] Comment mieux g\u00e9rer ma ferme, optimiser mes rendements, la qualit\u00e9 de mes cultures ? Aujourd\u2019hui, il y a...\" \/>\n<meta property=\"og:url\" content=\"https:\/\/agridrone.tn\/index.php\/services-grid\/\" \/>\n<meta property=\"article:modified_time\" content=\"2020-03-13T12:38:15+00:00\" \/>\n<meta property=\"og:image\" content=\"https:\/\/supagro.tn\/wp-content\/uploads\/2019\/03\/greenland-300x115.png\" \/>\n<meta name=\"twitter:card\" content=\"summary_large_image\" \/>\n<meta name=\"twitter:label1\" content=\"Dur\u00e9e de lecture est.\" \/>\n\t<meta name=\"twitter:data1\" content=\"1 minute\" \/>\n<script type=\"application\/ld+json\" class=\"yoast-schema-graph\">{\"@context\":\"https:\/\/schema.org\",\"@graph\":[{\"@type\":\"WebSite\",\"@id\":\"https:\/\/agridrone.tn\/#website\",\"url\":\"https:\/\/agridrone.tn\/\",\"name\":\"\",\"description\":\"la nouvelle technologie des agriculteurs\",\"potentialAction\":[{\"@type\":\"SearchAction\",\"target\":{\"@type\":\"EntryPoint\",\"urlTemplate\":\"https:\/\/agridrone.tn\/?s={search_term_string}\"},\"query-input\":\"required name=search_term_string\"}],\"inLanguage\":\"fr-FR\"},{\"@type\":\"ImageObject\",\"@id\":\"https:\/\/agridrone.tn\/index.php\/services-grid\/#primaryimage\",\"inLanguage\":\"fr-FR\",\"url\":\"https:\/\/supagro.tn\/wp-content\/uploads\/2019\/03\/greenland-300x115.png\",\"contentUrl\":\"https:\/\/supagro.tn\/wp-content\/uploads\/2019\/03\/greenland-300x115.png\"},{\"@type\":\"WebPage\",\"@id\":\"https:\/\/agridrone.tn\/index.php\/services-grid\/#webpage\",\"url\":\"https:\/\/agridrone.tn\/index.php\/services-grid\/\",\"name\":\"services -\",\"isPartOf\":{\"@id\":\"https:\/\/agridrone.tn\/#website\"},\"primaryImageOfPage\":{\"@id\":\"https:\/\/agridrone.tn\/index.php\/services-grid\/#primaryimage\"},\"datePublished\":\"2016-01-13T17:48:37+00:00\",\"dateModified\":\"2020-03-13T12:38:15+00:00\",\"breadcrumb\":{\"@id\":\"https:\/\/agridrone.tn\/index.php\/services-grid\/#breadcrumb\"},\"inLanguage\":\"fr-FR\",\"potentialAction\":[{\"@type\":\"ReadAction\",\"target\":[\"https:\/\/agridrone.tn\/index.php\/services-grid\/\"]}]},{\"@type\":\"BreadcrumbList\",\"@id\":\"https:\/\/agridrone.tn\/index.php\/services-grid\/#breadcrumb\",\"itemListElement\":[{\"@type\":\"ListItem\",\"position\":1,\"name\":\"Home\",\"item\":\"https:\/\/agridrone.tn\/\"},{\"@type\":\"ListItem\",\"position\":2,\"name\":\"services\"}]}]}<\/script>\n<!-- \/ Yoast SEO plugin. -->","yoast_head_json":{"title":"services -","robots":{"index":"index","follow":"follow","max-snippet":"max-snippet:-1","max-image-preview":"max-image-preview:large","max-video-preview":"max-video-preview:-1"},"canonical":"https:\/\/agridrone.tn\/index.php\/services-grid\/","og_locale":"fr_FR","og_type":"article","og_title":"services -","og_description":"[vc_row css=&#8221;.vc_custom_1452687555475{margin-bottom: 100px !important;}&#8221;][vc_column offset=&#8221;vc_col-lg-9 vc_col-md-9&#8243;][vc_column_text 0=&#8221;&#8221;] Comment mieux g\u00e9rer ma ferme, optimiser mes rendements, la qualit\u00e9 de mes cultures ? Aujourd\u2019hui, il y a...","og_url":"https:\/\/agridrone.tn\/index.php\/services-grid\/","article_modified_time":"2020-03-13T12:38:15+00:00","og_image":[{"url":"https:\/\/supagro.tn\/wp-content\/uploads\/2019\/03\/greenland-300x115.png"}],"twitter_card":"summary_large_image","twitter_misc":{"Dur\u00e9e de lecture est.":"1 minute"},"schema":{"@context":"https:\/\/schema.org","@graph":[{"@type":"WebSite","@id":"https:\/\/agridrone.tn\/#website","url":"https:\/\/agridrone.tn\/","name":"","description":"la nouvelle technologie des agriculteurs","potentialAction":[{"@type":"SearchAction","target":{"@type":"EntryPoint","urlTemplate":"https:\/\/agridrone.tn\/?s={search_term_string}"},"query-input":"required name=search_term_string"}],"inLanguage":"fr-FR"},{"@type":"ImageObject","@id":"https:\/\/agridrone.tn\/index.php\/services-grid\/#primaryimage","inLanguage":"fr-FR","url":"https:\/\/supagro.tn\/wp-content\/uploads\/2019\/03\/greenland-300x115.png","contentUrl":"https:\/\/supagro.tn\/wp-content\/uploads\/2019\/03\/greenland-300x115.png"},{"@type":"WebPage","@id":"https:\/\/agridrone.tn\/index.php\/services-grid\/#webpage","url":"https:\/\/agridrone.tn\/index.php\/services-grid\/","name":"services -","isPartOf":{"@id":"https:\/\/agridrone.tn\/#website"},"primaryImageOfPage":{"@id":"https:\/\/agridrone.tn\/index.php\/services-grid\/#primaryimage"},"datePublished":"2016-01-13T17:48:37+00:00","dateModified":"2020-03-13T12:38:15+00:00","breadcrumb":{"@id":"https:\/\/agridrone.tn\/index.php\/services-grid\/#breadcrumb"},"inLanguage":"fr-FR","potentialAction":[{"@type":"ReadAction","target":["https:\/\/agridrone.tn\/index.php\/services-grid\/"]}]},{"@type":"BreadcrumbList","@id":"https:\/\/agridrone.tn\/index.php\/services-grid\/#breadcrumb","itemListElement":[{"@type":"ListItem","position":1,"name":"Home","item":"https:\/\/agridrone.tn\/"},{"@type":"ListItem","position":2,"name":"services"}]}]}},"_links":{"self":[{"href":"https:\/\/agridrone.tn\/index.php\/wp-json\/wp\/v2\/pages\/558","targetHints":{"allow":["GET"]}}],"collection":[{"href":"https:\/\/agridrone.tn\/index.php\/wp-json\/wp\/v2\/pages"}],"about":[{"href":"https:\/\/agridrone.tn\/index.php\/wp-json\/wp\/v2\/types\/page"}],"author":[{"embeddable":true,"href":"https:\/\/agridrone.tn\/index.php\/wp-json\/wp\/v2\/users\/3"}],"replies":[{"embeddable":true,"href":"https:\/\/agridrone.tn\/index.php\/wp-json\/wp\/v2\/comments?post=558"}],"version-history":[{"count":2,"href":"https:\/\/agridrone.tn\/index.php\/wp-json\/wp\/v2\/pages\/558\/revisions"}],"predecessor-version":[{"id":2410,"href":"https:\/\/agridrone.tn\/index.php\/wp-json\/wp\/v2\/pages\/558\/revisions\/2410"}],"wp:attachment":[{"href":"https:\/\/agridrone.tn\/index.php\/wp-json\/wp\/v2\/media?parent=558"}],"curies":[{"name":"wp","href":"https:\/\/api.w.org\/{rel}","templated":true}]}}