{"id":979,"date":"2016-02-19T06:35:00","date_gmt":"2016-02-19T06:35:00","guid":{"rendered":"http:\/\/consulting.stylemixthemes.com\/demo\/?page_id=979"},"modified":"2020-03-17T08:42:46","modified_gmt":"2020-03-17T08:42:46","slug":"home-2","status":"publish","type":"page","link":"https:\/\/agridrone.tn\/index.php\/home-2\/","title":{"rendered":"Accueil"},"content":{"rendered":"<p>[vc_row css=&#8221;.vc_custom_1464852884508{margin-right: -60px !important;margin-bottom: 0px !important;margin-left: -60px !important;}&#8221;][vc_column css=&#8221;.vc_custom_1465465510777{padding-right: 0px !important;padding-left: 0px !important;}&#8221; offset=&#8221;vc_hidden-xs&#8221;][rev_slider_vc alias=&#8221;main_slider&#8221;][vc_column_text][\/vc_column_text][\/vc_column][\/vc_row][vc_row full_width=&#8221;stretch_row&#8221; css=&#8221;.vc_custom_1469446837075{padding-top: 64px !important;padding-bottom: 50px !important;background-color: #f2f2f2 !important;}&#8221;][vc_column][vc_custom_heading text=&#8221;Pr\u00e9sentation&#8221; font_container=&#8221;tag:h2|font_size:36px|text_align:center|line_height:38px&#8221; use_theme_fonts=&#8221;yes&#8221; css=&#8221;.vc_custom_1584086866447{margin-bottom: 40px !important;}&#8221; el_class=&#8221;stm_secondary_color&#8221;][stm_works grid_style=&#8221;style_2&#8243; cols=&#8221;4&#8243; img_size=&#8221;200&#215;100&#8243; css=&#8221;.vc_custom_1584432253516{background-position: 0 0 !important;background-repeat: repeat !important;}&#8221;][\/vc_column][\/vc_row][vc_row full_width=&#8221;stretch_row&#8221; css=&#8221;.vc_custom_1469512317371{margin-bottom: 0px !important;padding-top: 46px !important;padding-bottom: 65px !important;background-image: url(https:\/\/supagro.tn\/wp-content\/uploads\/2016\/05\/placeholder.gif?id=1270) !important;}&#8221; el_class=&#8221;fixed_bg&#8221;][vc_column width=&#8221;3\/4&#8243;][vc_column_text]<\/p>\n<p><strong>L\u2019ADRI est une association scientifique\u00a0tunisienne \u00a0qui a comme objectif principal la\u00a0 promotion de la recherche scientifique et l\u2019innovation technologique \u00e0 travers le renforcement des liens entre les acteurs de la recherche et leur environnement \u00e9conomique.<\/strong><\/p>\n<p><strong>L\u2019ADRI est cr\u00e9\u00e9e le 19 Avril 2011 au technop\u00f4le El-Gazala \u00e0 Tunis.<\/strong>[\/vc_column_text][\/vc_column][vc_column width=&#8221;1\/4&#8243;][\/vc_column][\/vc_row]<\/p>\n","protected":false},"excerpt":{"rendered":"<p>[vc_row css=&#8221;.vc_custom_1464852884508{margin-right: -60px !important;margin-bottom: 0px !important;margin-left: -60px !important;}&#8221;][vc_column css=&#8221;.vc_custom_1465465510777{padding-right: 0px !important;padding-left: 0px !important;}&#8221; offset=&#8221;vc_hidden-xs&#8221;][rev_slider_vc alias=&#8221;main_slider&#8221;][vc_column_text][\/vc_column_text][\/vc_column][\/vc_row][vc_row full_width=&#8221;stretch_row&#8221; css=&#8221;.vc_custom_1469446837075{padding-top: 64px !important;padding-bottom: 50px !important;background-color: #f2f2f2 !important;}&#8221;][vc_column][vc_custom_heading text=&#8221;Pr\u00e9sentation&#8221; font_container=&#8221;tag:h2|font_size:36px|text_align:center|line_height:38px&#8221;&#8230;<\/p>\n","protected":false},"author":3,"featured_media":0,"parent":0,"menu_order":0,"comment_status":"closed","ping_status":"closed","template":"","meta":{"footnotes":""},"class_list":["post-979","page","type-page","status-publish","hentry"],"yoast_head":"<!-- This site is optimized with the Yoast SEO plugin v16.9 - https:\/\/yoast.com\/wordpress\/plugins\/seo\/ -->\n<title>Accueil -<\/title>\n<meta name=\"robots\" content=\"index, follow, max-snippet:-1, max-image-preview:large, max-video-preview:-1\" \/>\n<link rel=\"canonical\" href=\"https:\/\/agridrone.tn\/index.php\/home-2\/\" \/>\n<meta property=\"og:locale\" content=\"fr_FR\" \/>\n<meta property=\"og:type\" content=\"article\" \/>\n<meta property=\"og:title\" content=\"Accueil -\" \/>\n<meta property=\"og:description\" content=\"[vc_row css=&#8221;.vc_custom_1464852884508{margin-right: -60px !important;margin-bottom: 0px !important;margin-left: -60px !important;}&#8221;][vc_column css=&#8221;.vc_custom_1465465510777{padding-right: 0px !important;padding-left: 0px !important;}&#8221; offset=&#8221;vc_hidden-xs&#8221;][rev_slider_vc alias=&#8221;main_slider&#8221;][vc_column_text][\/vc_column_text][\/vc_column][\/vc_row][vc_row full_width=&#8221;stretch_row&#8221; css=&#8221;.vc_custom_1469446837075{padding-top: 64px !important;padding-bottom: 50px !important;background-color: #f2f2f2 !important;}&#8221;][vc_column][vc_custom_heading text=&#8221;Pr\u00e9sentation&#8221; font_container=&#8221;tag:h2|font_size:36px|text_align:center|line_height:38px&#8221;...\" \/>\n<meta property=\"og:url\" content=\"https:\/\/agridrone.tn\/index.php\/home-2\/\" \/>\n<meta property=\"article:modified_time\" content=\"2020-03-17T08:42:46+00:00\" \/>\n<meta name=\"twitter:card\" content=\"summary_large_image\" \/>\n<meta name=\"twitter:label1\" content=\"Dur\u00e9e de lecture est.\" \/>\n\t<meta name=\"twitter:data1\" content=\"1 minute\" \/>\n<script type=\"application\/ld+json\" class=\"yoast-schema-graph\">{\"@context\":\"https:\/\/schema.org\",\"@graph\":[{\"@type\":\"WebSite\",\"@id\":\"https:\/\/agridrone.tn\/#website\",\"url\":\"https:\/\/agridrone.tn\/\",\"name\":\"\",\"description\":\"la nouvelle technologie des agriculteurs\",\"potentialAction\":[{\"@type\":\"SearchAction\",\"target\":{\"@type\":\"EntryPoint\",\"urlTemplate\":\"https:\/\/agridrone.tn\/?s={search_term_string}\"},\"query-input\":\"required name=search_term_string\"}],\"inLanguage\":\"fr-FR\"},{\"@type\":\"WebPage\",\"@id\":\"https:\/\/agridrone.tn\/index.php\/home-2\/#webpage\",\"url\":\"https:\/\/agridrone.tn\/index.php\/home-2\/\",\"name\":\"Accueil -\",\"isPartOf\":{\"@id\":\"https:\/\/agridrone.tn\/#website\"},\"datePublished\":\"2016-02-19T06:35:00+00:00\",\"dateModified\":\"2020-03-17T08:42:46+00:00\",\"breadcrumb\":{\"@id\":\"https:\/\/agridrone.tn\/index.php\/home-2\/#breadcrumb\"},\"inLanguage\":\"fr-FR\",\"potentialAction\":[{\"@type\":\"ReadAction\",\"target\":[\"https:\/\/agridrone.tn\/index.php\/home-2\/\"]}]},{\"@type\":\"BreadcrumbList\",\"@id\":\"https:\/\/agridrone.tn\/index.php\/home-2\/#breadcrumb\",\"itemListElement\":[{\"@type\":\"ListItem\",\"position\":1,\"name\":\"Home\",\"item\":\"https:\/\/agridrone.tn\/\"},{\"@type\":\"ListItem\",\"position\":2,\"name\":\"Accueil\"}]}]}<\/script>\n<!-- \/ Yoast SEO plugin. -->","yoast_head_json":{"title":"Accueil -","robots":{"index":"index","follow":"follow","max-snippet":"max-snippet:-1","max-image-preview":"max-image-preview:large","max-video-preview":"max-video-preview:-1"},"canonical":"https:\/\/agridrone.tn\/index.php\/home-2\/","og_locale":"fr_FR","og_type":"article","og_title":"Accueil -","og_description":"[vc_row css=&#8221;.vc_custom_1464852884508{margin-right: -60px !important;margin-bottom: 0px !important;margin-left: -60px !important;}&#8221;][vc_column css=&#8221;.vc_custom_1465465510777{padding-right: 0px !important;padding-left: 0px !important;}&#8221; offset=&#8221;vc_hidden-xs&#8221;][rev_slider_vc alias=&#8221;main_slider&#8221;][vc_column_text][\/vc_column_text][\/vc_column][\/vc_row][vc_row full_width=&#8221;stretch_row&#8221; css=&#8221;.vc_custom_1469446837075{padding-top: 64px !important;padding-bottom: 50px !important;background-color: #f2f2f2 !important;}&#8221;][vc_column][vc_custom_heading text=&#8221;Pr\u00e9sentation&#8221; font_container=&#8221;tag:h2|font_size:36px|text_align:center|line_height:38px&#8221;...","og_url":"https:\/\/agridrone.tn\/index.php\/home-2\/","article_modified_time":"2020-03-17T08:42:46+00:00","twitter_card":"summary_large_image","twitter_misc":{"Dur\u00e9e de lecture est.":"1 minute"},"schema":{"@context":"https:\/\/schema.org","@graph":[{"@type":"WebSite","@id":"https:\/\/agridrone.tn\/#website","url":"https:\/\/agridrone.tn\/","name":"","description":"la nouvelle technologie des agriculteurs","potentialAction":[{"@type":"SearchAction","target":{"@type":"EntryPoint","urlTemplate":"https:\/\/agridrone.tn\/?s={search_term_string}"},"query-input":"required name=search_term_string"}],"inLanguage":"fr-FR"},{"@type":"WebPage","@id":"https:\/\/agridrone.tn\/index.php\/home-2\/#webpage","url":"https:\/\/agridrone.tn\/index.php\/home-2\/","name":"Accueil -","isPartOf":{"@id":"https:\/\/agridrone.tn\/#website"},"datePublished":"2016-02-19T06:35:00+00:00","dateModified":"2020-03-17T08:42:46+00:00","breadcrumb":{"@id":"https:\/\/agridrone.tn\/index.php\/home-2\/#breadcrumb"},"inLanguage":"fr-FR","potentialAction":[{"@type":"ReadAction","target":["https:\/\/agridrone.tn\/index.php\/home-2\/"]}]},{"@type":"BreadcrumbList","@id":"https:\/\/agridrone.tn\/index.php\/home-2\/#breadcrumb","itemListElement":[{"@type":"ListItem","position":1,"name":"Home","item":"https:\/\/agridrone.tn\/"},{"@type":"ListItem","position":2,"name":"Accueil"}]}]}},"_links":{"self":[{"href":"https:\/\/agridrone.tn\/index.php\/wp-json\/wp\/v2\/pages\/979","targetHints":{"allow":["GET"]}}],"collection":[{"href":"https:\/\/agridrone.tn\/index.php\/wp-json\/wp\/v2\/pages"}],"about":[{"href":"https:\/\/agridrone.tn\/index.php\/wp-json\/wp\/v2\/types\/page"}],"author":[{"embeddable":true,"href":"https:\/\/agridrone.tn\/index.php\/wp-json\/wp\/v2\/users\/3"}],"replies":[{"embeddable":true,"href":"https:\/\/agridrone.tn\/index.php\/wp-json\/wp\/v2\/comments?post=979"}],"version-history":[{"count":5,"href":"https:\/\/agridrone.tn\/index.php\/wp-json\/wp\/v2\/pages\/979\/revisions"}],"predecessor-version":[{"id":2430,"href":"https:\/\/agridrone.tn\/index.php\/wp-json\/wp\/v2\/pages\/979\/revisions\/2430"}],"wp:attachment":[{"href":"https:\/\/agridrone.tn\/index.php\/wp-json\/wp\/v2\/media?parent=979"}],"curies":[{"name":"wp","href":"https:\/\/api.w.org\/{rel}","templated":true}]}}